
{"id":359,"date":"2024-04-19T16:26:04","date_gmt":"2024-04-19T07:26:04","guid":{"rendered":"http:\/\/iwatani.com.vn\/?page_id=359"},"modified":"2024-07-15T11:55:29","modified_gmt":"2024-07-15T02:55:29","slug":"contact","status":"publish","type":"page","link":"https:\/\/www.iwatani.com.vn\/vi\/contact\/","title":{"rendered":"Li\u00ean h\u1ec7"},"content":{"rendered":"<div class=\"ttl3_main contact_ttl\">\n<p class=\"ttl3_en\">get in touch<\/p>\n<h2 class=\"ttl3 \">contact<\/h2>\n<\/div>\n<div class=\"contact_top\">\n<p>N\u1ebfu b\u1ea1n c\u00f3 b\u1ea5t k\u1ef3 c\u00e2u h\u1ecfi n\u00e0o v\u1ec1 d\u1ecbch v\u1ee5 c\u1ee7a ch\u00fang t\u00f4i ho\u1eb7c b\u1ea5t k\u1ef3 v\u1ea5n \u0111\u1ec1 n\u00e0o kh\u00e1c, <br \/>vui l\u00f2ng li\u00ean h\u1ec7 v\u1edbi ch\u00fang t\u00f4i qua \u0111i\u1ec7n tho\u1ea1i ho\u1eb7c s\u1eed d\u1ee5ng m\u1eabu li\u00ean h\u1ec7 d\u01b0\u1edbi \u0111\u00e2y.<\/p>\n<\/div>\n\n<div class=\"wpcf7 no-js\" id=\"wpcf7-f527-o1\" lang=\"en-US\" dir=\"ltr\">\n<div class=\"screen-reader-response\"><p role=\"status\" aria-live=\"polite\" aria-atomic=\"true\"><\/p> <ul><\/ul><\/div>\n<form action=\"\/vi\/wp-json\/wp\/v2\/pages\/359#wpcf7-f527-o1\" method=\"post\" class=\"wpcf7-form init\" aria-label=\"Contact form\" novalidate=\"novalidate\" data-status=\"init\">\n<div style=\"display: none;\">\n<input type=\"hidden\" name=\"_wpcf7\" value=\"527\" \/>\n<input type=\"hidden\" name=\"_wpcf7_version\" value=\"5.9.8\" \/>\n<input type=\"hidden\" name=\"_wpcf7_locale\" value=\"en_US\" \/>\n<input type=\"hidden\" name=\"_wpcf7_unit_tag\" value=\"wpcf7-f527-o1\" \/>\n<input type=\"hidden\" name=\"_wpcf7_container_post\" value=\"0\" \/>\n<input type=\"hidden\" name=\"_wpcf7_posted_data_hash\" value=\"\" \/>\n<\/div>\n<div class=\"contact_form\">\n\t<dl>\n\t\t<dt>\n\t\t\t<p><span class=\"must\">B\u1eaft bu\u1ed9c<\/span>H\u1ecd v\u00e0 t\u00ean\n\t\t\t<\/p>\n\t\t<\/dt>\n\t\t<dd>\n\t\t\t<p><span class=\"wpcf7-form-control-wrap\" data-name=\"your-name_2\"><input size=\"40\" maxlength=\"400\" class=\"wpcf7-form-control wpcf7-text wpcf7-validates-as-required contact_txt01\" aria-required=\"true\" aria-invalid=\"false\" placeholder=\"V\u00ed d\u1ee5: Yamada Taro\" value=\"\" type=\"text\" name=\"your-name_2\" \/><\/span>\n\t\t\t<\/p>\n\t\t<\/dd>\n\t<\/dl>\n\t<dl>\n\t\t<dt>\n\t\t\t<p><span class=\"empty\"><\/span>T\u00ean c\u00f4ng ty\n\t\t\t<\/p>\n\t\t<\/dt>\n\t\t<dd>\n\t\t\t<p><span class=\"wpcf7-form-control-wrap\" data-name=\"your-company_2\"><input size=\"40\" maxlength=\"400\" class=\"wpcf7-form-control wpcf7-text contact_txt01\" aria-invalid=\"false\" placeholder=\"V\u00ed d\u1ee5: C\u00f4ng ty Iwatani Vi\u1ec7t Nam\" value=\"\" type=\"text\" name=\"your-company_2\" \/><\/span>\n\t\t\t<\/p>\n\t\t<\/dd>\n\t<\/dl>\n\t<dl>\n\t\t<dt>\n\t\t\t<p><span class=\"must\">B\u1eaft bu\u1ed9c<\/span>S\u1ed1 \u0111i\u1ec7n tho\u1ea1i\n\t\t\t<\/p>\n\t\t<\/dt>\n\t\t<dd>\n\t\t\t<p><span class=\"wpcf7-form-control-wrap\" data-name=\"your-tel_2\"><input size=\"40\" maxlength=\"400\" class=\"wpcf7-form-control wpcf7-tel wpcf7-validates-as-required wpcf7-text wpcf7-validates-as-tel contact_txt01\" aria-required=\"true\" aria-invalid=\"false\" placeholder=\"V\u00ed d\u1ee5: 000-00-0000\" value=\"\" type=\"tel\" name=\"your-tel_2\" \/><\/span>\n\t\t\t<\/p>\n\t\t<\/dd>\n\t<\/dl>\n\t<dl>\n\t\t<dt>\n\t\t\t<p><span class=\"must\">B\u1eaft bu\u1ed9c<\/span>Email\n\t\t\t<\/p>\n\t\t<\/dt>\n\t\t<dd>\n\t\t\t<p><span class=\"wpcf7-form-control-wrap\" data-name=\"your-email_2\"><input size=\"40\" maxlength=\"400\" class=\"wpcf7-form-control wpcf7-email wpcf7-validates-as-required wpcf7-text wpcf7-validates-as-email contact_txt01\" aria-required=\"true\" aria-invalid=\"false\" placeholder=\"V\u00ed d\u1ee5: xxx@xxx.com\" value=\"\" type=\"email\" name=\"your-email_2\" \/><\/span>\n\t\t\t<\/p>\n\t\t<\/dd>\n\t<\/dl>\n\t<dl>\n\t\t<dt>\n\t\t\t<p><span class=\"must\">B\u1eaft bu\u1ed9c<\/span>Email (nh\u1eadp l\u1ea1i email)\n\t\t\t<\/p>\n\t\t<\/dt>\n\t\t<dd>\n\t\t\t<p><span class=\"wpcf7-form-control-wrap\" data-name=\"your-email-confirm_2\"><input size=\"40\" maxlength=\"400\" class=\"wpcf7-form-control wpcf7-email wpcf7-validates-as-required wpcf7-text wpcf7-validates-as-email contact_txt01\" aria-required=\"true\" aria-invalid=\"false\" placeholder=\"V\u00ed d\u1ee5: xxx@xxx.com\" value=\"\" type=\"email\" name=\"your-email-confirm_2\" \/><\/span>\n\t\t\t<\/p>\n\t\t<\/dd>\n\t<\/dl>\n\t<dl>\n\t\t<dt>\n\t\t\t<p><span class=\"must\">B\u1eaft bu\u1ed9c<\/span>H\u1ecfi \u0111\u00e1p s\u1ea3n ph\u1ea9m\n\t\t\t<\/p>\n\t\t<\/dt>\n\t\t<dd>\n\t\t\t<p><span class=\"wpcf7-form-control-wrap\" data-name=\"your-product_2\"><span class=\"wpcf7-form-control wpcf7-checkbox contact_txt01\"><span class=\"wpcf7-list-item first\"><label><input type=\"checkbox\" name=\"your-product_2[]\" value=\"Nguy\u00ean V\u1eadt Li\u1ec7u\" \/><span class=\"wpcf7-list-item-label\">Nguy\u00ean V\u1eadt Li\u1ec7u<\/span><\/label><\/span><span class=\"wpcf7-list-item\"><label><input type=\"checkbox\" name=\"your-product_2[]\" value=\"Kh\u00ed c\u00f4ng nghi\u1ec7p\/m\u00e1y m\u00f3c\" \/><span class=\"wpcf7-list-item-label\">Kh\u00ed c\u00f4ng nghi\u1ec7p\/m\u00e1y m\u00f3c<\/span><\/label><\/span><span class=\"wpcf7-list-item last\"><label><input type=\"checkbox\" name=\"your-product_2[]\" value=\"Kh\u00e1c (bao g\u1ed3m c\u1ea3 tuy\u1ec3n d\u1ee5ng)\" \/><span class=\"wpcf7-list-item-label\">Kh\u00e1c (bao g\u1ed3m c\u1ea3 tuy\u1ec3n d\u1ee5ng)<\/span><\/label><\/span><\/span><\/span>\n\t\t\t<\/p>\n\t\t<\/dd>\n\t<\/dl>\n\t<dl class=\"contact_last\">\n\t\t<dt>\n\t\t\t<p><span class=\"must\">B\u1eaft bu\u1ed9c<\/span>N\u1ed9i dung y\u00eau c\u1ea7u\n\t\t\t<\/p>\n\t\t<\/dt>\n\t\t<dd>\n\t\t\t<p><span class=\"wpcf7-form-control-wrap\" data-name=\"your-inquiry_2\"><textarea cols=\"50\" rows=\"5\" maxlength=\"2000\" class=\"wpcf7-form-control wpcf7-textarea wpcf7-validates-as-required\" aria-required=\"true\" aria-invalid=\"false\" name=\"your-inquiry_2\"><\/textarea><\/span>\n\t\t\t<\/p>\n\t\t<\/dd>\n\t<\/dl>\n\t<p class=\"privacy_txt vi\"><span class=\"must\">B\u1eaft bu\u1ed9c<\/span><span class=\"checkboxlink\"><span class=\"wpcf7-form-control-wrap\" data-name=\"checklink\"><span class=\"wpcf7-form-control wpcf7-checkbox wpcf7-validates-as-required\"><span class=\"wpcf7-list-item first last\"><label><input type=\"checkbox\" name=\"checklink[]\" value=\"privacypolicy\" \/><span class=\"wpcf7-list-item-label\">privacypolicy<\/span><\/label><\/span><\/span><\/span><\/span>\n\t<\/p>\n\t<p class=\"privacy_txt2 vi\"><span class=\"must\">B\u1eaft bu\u1ed9c<\/span><span class=\"checkboxlink\"><span class=\"wpcf7-form-control-wrap\" data-name=\"checklink2\"><span class=\"wpcf7-form-control wpcf7-checkbox wpcf7-validates-as-required\"><span class=\"wpcf7-list-item first last\"><label><input type=\"checkbox\" name=\"checklink2[]\" value=\"Khi b\u1ea1n nh\u1ea5n n\u00fat g\u1eedi, th\u00f4ng tin s\u1ebd \u0111\u01b0\u1ee3c g\u1eedi \u0111i m\u00e0 kh\u00f4ng chuy\u1ec3n \u0111\u1ebfn m\u00e0n h\u00ecnh x\u00e1c nh\u1eadn. Vui l\u00f2ng ki\u1ec3m tra l\u1ea1i th\u00f4ng tin b\u1ea1n \u0111\u00e3 nh\u1eadp.\" \/><span class=\"wpcf7-list-item-label\">Khi b\u1ea1n nh\u1ea5n n\u00fat g\u1eedi, th\u00f4ng tin s\u1ebd \u0111\u01b0\u1ee3c g\u1eedi \u0111i m\u00e0 kh\u00f4ng chuy\u1ec3n \u0111\u1ebfn m\u00e0n h\u00ecnh x\u00e1c nh\u1eadn. Vui l\u00f2ng ki\u1ec3m tra l\u1ea1i th\u00f4ng tin b\u1ea1n \u0111\u00e3 nh\u1eadp.<\/span><\/label><\/span><\/span><\/span><\/span>\n\t<\/p>\n\t<div class=\"contact_listbtn\">\n\t\t<p class=\"btn btnconfirm\"><input class=\"wpcf7-form-control wpcf7-submit has-spinner\" type=\"submit\" value=\"G\u1eedi\" \/>\n\t\t<\/p>\n\t<\/div>\n<\/div><div class=\"wpcf7-response-output\" aria-hidden=\"true\"><\/div>\n<\/form>\n<\/div>\n\n<div class=\"contact_info\">\n<div class=\"fttop_right_de\">\n<dl class=\"fttop_right_ttl\">\n<dt>C\u00f4ng ty TNHH Iwatani Vi\u1ec7t Nam <br \/>&#8211; Tr\u1ee5 s\u1edf ch\u00ednh H\u00e0 N\u1ed9i<\/dt>\n<dd>[C\u00f4ng ty TNHH Iwatani Vi\u1ec7t Nam]<\/dd>\n<\/dl>\n<dl class=\"fttop_right_info\">\n<dt>\u0110\u1ecba ch\u1ec9<\/dt>\n<dd>Ph\u00f2ng 11.02, t\u00f2a nh\u00e0 CornerStone, s\u1ed1 16 ph\u1ed1 Phan Chu Trinh, Ph\u01b0\u1eddng Phan Chu Trinh, Qu\u1eadn Ho\u00e0n Ki\u1ebfm, Th\u00e0nh ph\u1ed1 H\u00e0 N\u1ed9i, Vi\u1ec7t Nam<\/dd>\n<\/dl>\n<dl class=\"fttop_right_info\">\n<dt>\u0110i\u1ec7n tho\u1ea1i<\/dt>\n<dd>84-24-3946-1330<\/dd>\n<\/dl>\n<p>Ch\u00fang t\u00f4i nh\u1eadn c\u00e1c y\u00eau c\u1ea7u li\u00ean quan \u0111\u1ebfn c\u00e1c lo\u1ea1i kh\u00ed c\u00f4ng nghi\u1ec7p nh\u01b0 nit\u01a1, oxy, argon, heli v\u00e0 cacbonat, thi\u1ebft b\u1ecb li\u00ean quan \u0111\u1ebfn kh\u00ed, thi\u1ebft b\u1ecb h\u00e0n, m\u00e1y m\u00f3c t\u1ef1 \u0111\u1ed9ng h\u00f3a, v\u1eadt li\u1ec7u, thi\u1ebft b\u1ecb li\u00ean quan \u0111\u1ebfn ch\u1ea5t b\u00e1n d\u1eabn, d\u01b0\u1ee3c ph\u1ea9m\/m\u00f4i tr\u01b0\u1eddng, v.v.<\/p>\n<\/div>\n<div class=\"fttop_right_de\">\n<dl class=\"fttop_right_ttl\">\n<dt>C\u00f4ng ty TNHH Iwatani Vi\u1ec7t Nam <br \/>&#8211; Chi nh\u00e1nh TP. H\u1ed3 Ch\u00ed Minh<\/dt>\n<\/dl>\n<dl class=\"fttop_right_info\">\n<dt>\u0110\u1ecba ch\u1ec9<\/dt>\n<dd>Ph\u00f2ng s\u1ed1 4, t\u1ea7ng 6, Saigon Centre, 65 L\u00ea L\u1ee3i, Ph\u01b0\u1eddng B\u1ebfn Ngh\u00e9, Qu\u1eadn 1, Th\u00e0nh ph\u1ed1 H\u1ed3 Ch\u00ed Minh, Vi\u1ec7t Nam<\/dd>\n<\/dl>\n<dl class=\"fttop_right_info\">\n<dt>\u0110i\u1ec7n tho\u1ea1i<\/dt>\n<dd>84-28-3821-7245<\/dd>\n<\/dl>\n<p>Ch\u00fang t\u00f4i nh\u1eadn c\u00e1c y\u00eau c\u1ea7u li\u00ean quan \u0111\u1ebfn nh\u1ef1a, t\u00e0i nguy\u00ean\/v\u1eadt li\u1ec7u m\u1edbi, kim lo\u1ea1i, v\u1eadt li\u1ec7u \u0111i\u1ec7n t\u1eed, v.v.<\/p>\n<\/div>\n<\/div>\n","protected":false},"excerpt":{"rendered":"<p>get in touch contact N\u1ebfu b\u1ea1n c\u00f3 b\u1ea5t k\u1ef3 c\u00e2u h\u1ecfi n\u00e0o v\u1ec1 d\u1ecbch v\u1ee5 c\u1ee7a ch\u00fang t\u00f4i ho\u1eb7c b\u1ea5t k\u1ef3 v\u1ea5n \u0111\u1ec1 n\u00e0o kh\u00e1c, vui l\u00f2ng li\u00ean h\u1ec7 v\u1edbi ch\u00fang t\u00f4i qua \u0111i\u1ec7n tho\u1ea1i ho\u1eb7c s\u1eed d\u1ee5ng m\u1eabu li\u00ean h\u1ec7 d\u01b0\u1edbi \u0111\u00e2y. C\u00f4ng ty TNHH Iwatani Vi\u1ec7t Nam &#8211; Tr\u1ee5 s\u1edf ch\u00ednh H\u00e0 N\u1ed9i [&hellip;]<\/p>\n","protected":false},"author":1,"featured_media":0,"parent":0,"menu_order":0,"comment_status":"closed","ping_status":"closed","template":"","meta":{"_acf_changed":false,"_locale":"vi","_original_post":"https:\/\/www.iwatani.com.vn\/?page_id=126","footnotes":""},"class_list":["post-359","page","type-page","status-publish","hentry","vi"],"acf":[],"_links":{"self":[{"href":"https:\/\/www.iwatani.com.vn\/wp-json\/wp\/v2\/pages\/359","targetHints":{"allow":["GET"]}}],"collection":[{"href":"https:\/\/www.iwatani.com.vn\/wp-json\/wp\/v2\/pages"}],"about":[{"href":"https:\/\/www.iwatani.com.vn\/wp-json\/wp\/v2\/types\/page"}],"author":[{"embeddable":true,"href":"https:\/\/www.iwatani.com.vn\/wp-json\/wp\/v2\/users\/1"}],"replies":[{"embeddable":true,"href":"https:\/\/www.iwatani.com.vn\/wp-json\/wp\/v2\/comments?post=359"}],"version-history":[{"count":10,"href":"https:\/\/www.iwatani.com.vn\/wp-json\/wp\/v2\/pages\/359\/revisions"}],"predecessor-version":[{"id":573,"href":"https:\/\/www.iwatani.com.vn\/wp-json\/wp\/v2\/pages\/359\/revisions\/573"}],"wp:attachment":[{"href":"https:\/\/www.iwatani.com.vn\/wp-json\/wp\/v2\/media?parent=359"}],"curies":[{"name":"wp","href":"https:\/\/api.w.org\/{rel}","templated":true}]}}