
{"id":328,"date":"2024-04-19T14:48:58","date_gmt":"2024-04-19T05:48:58","guid":{"rendered":"http:\/\/iwatani.com.vn\/?page_id=328"},"modified":"2024-07-31T15:46:24","modified_gmt":"2024-07-31T06:46:24","slug":"about-us","status":"publish","type":"page","link":"https:\/\/www.iwatani.com.vn\/vi\/about-us\/","title":{"rendered":"Gi\u1edbi thi\u1ec7u v\u1ec1 C\u00f4ng Ty"},"content":{"rendered":"<div class=\"ttl3_main about_ttl3\">\n<p class=\"ttl3_en\">who we are<\/p>\n<h3 class=\"ttl3 \">Iwatani in numbers<\/h3>\n<\/div>\n<section id=\"boxnumber\">\n<div class=\"aboutus_list\">\n<div class=\"aboutus_de aboutus_de01\">\n<div class=\"aboutus_box\">\n<p class=\"aboutus_icon\"><img loading=\"lazy\" decoding=\"async\" src=\"https:\/\/www.iwatani.com.vn\/wp-content\/themes\/iwatani\/images\/aboutus_icon01.svg\" alt=\"Th\u00e0nh l\u1eadp\" width=\"77\" height=\"83\" \/><\/p>\n<div class=\"aboutus_info\">\n<p class=\"aboutus_ttl\">Th\u00e0nh l\u1eadp<\/p>\n<p class=\"aboutus_num\">N\u0103m <span class=\"number\">1930<\/span><\/p>\n<\/div>\n<\/div>\n<div class=\"aboutus_box\">\n<p class=\"aboutus_icon\"><img loading=\"lazy\" decoding=\"async\" src=\"https:\/\/www.iwatani.com.vn\/wp-content\/themes\/iwatani\/images\/aboutus_icon02.svg\" alt=\"Doanh thu h\u1ee3p nh\u1ea5t\" width=\"72\" height=\"83\" \/><\/p>\n<div class=\"aboutus_info\">\n<p class=\"aboutus_ttl\">Doanh thu h\u1ee3p nh\u1ea5t<\/p>\n<p class=\"aboutus_num\"><span class=\"number\">847.8<\/span> t\u1ef7 y\u00ean<\/p>\n<p class=\"aboutus_note\">(N\u0103m t\u00e0i ch\u00ednh 2024)<\/p>\n<\/div>\n<\/div>\n<div class=\"aboutus_box\">\n<p class=\"aboutus_icon\"><img loading=\"lazy\" decoding=\"async\" src=\"https:\/\/www.iwatani.com.vn\/wp-content\/themes\/iwatani\/images\/aboutus_icon03.svg\" alt=\"V\u1ed1n \u0111i\u1ec1u l\u1ec7\" width=\"72\" height=\"83\" \/><\/p>\n<div class=\"aboutus_info\">\n<p class=\"aboutus_ttl\">V\u1ed1n \u0111i\u1ec1u l\u1ec7<\/p>\n<p class=\"aboutus_num\"><span class=\"number\">35.096<\/span> tri\u1ec7u y\u00ean<\/p>\n<\/div>\n<\/div>\n<\/div>\n<div class=\"aboutus_de aboutus_de02\">\n<div class=\"aboutus_box\">\n<p class=\"aboutus_icon\"><img loading=\"lazy\" decoding=\"async\" src=\"https:\/\/www.iwatani.com.vn\/wp-content\/themes\/iwatani\/images\/aboutus_icon04.svg\" alt=\"S\u1ed1 l\u01b0\u1ee3ng nh\u00e2n vi\u00ean h\u1ee3p nh\u1ea5t\" width=\"84\" height=\"70\" \/><\/p>\n<div class=\"aboutus_info\">\n<p class=\"aboutus_ttl\">S\u1ed1 l\u01b0\u1ee3ng nh\u00e2n vi\u00ean h\u1ee3p nh\u1ea5t<\/p>\n<p class=\"aboutus_num\"><span class=\"number\">11,332<\/span>ng\u01b0\u1eddi<\/p>\n<p class=\"aboutus_note\">(T\u00ednh \u0111\u1ebfn ng\u00e0y 31 th\u00e1ng 3 n\u0103m 2024)<\/p>\n<\/div>\n<\/div>\n<div class=\"aboutus_box\">\n<p class=\"aboutus_icon\"><img loading=\"lazy\" decoding=\"async\" src=\"https:\/\/www.iwatani.com.vn\/wp-content\/themes\/iwatani\/images\/aboutus_icon05.svg\" alt=\"C\u00f4ng ty trong nh\u00f3m\" width=\"72\" height=\"83\" \/><\/p>\n<div class=\"aboutus_info\">\n<p class=\"aboutus_ttl\">C\u00f4ng ty trong nh\u00f3m<\/p>\n<p class=\"aboutus_num\"><span class=\"number\">241<\/span> c\u00f4ng ty<br \/>\n(trong \u0111\u00f3 c\u00f3 <span class=\"number\">105<\/span> c\u00f4ng ty con \u0111\u01b0\u1ee3c h\u1ee3p nh\u1ea5t)<\/p>\n<p class=\"aboutus_note\">(T\u00ednh \u0111\u1ebfn ng\u00e0y 19 th\u00e1ng 6 n\u0103m 2024)<\/p>\n<\/div>\n<\/div>\n<\/div>\n<div class=\"aboutus_de aboutus_de03\">\n<div class=\"aboutus_box\">\n<p class=\"aboutus_icon\"><img loading=\"lazy\" decoding=\"async\" src=\"https:\/\/www.iwatani.com.vn\/wp-content\/themes\/iwatani\/images\/aboutus_icon06.svg\" alt=\"Nh\u1ef1a PET t\u1eeb biomass\" width=\"55\" height=\"77\" \/><span class=\"aboutus_icon_ttl\">Nh\u1ef1a PET t\u1eeb biomass<\/span><\/p>\n<div class=\"aboutus_info\">\n<p class=\"aboutus_ttl\">Th\u1ecb ph\u1ea7n trong n\u01b0\u1edbc Nh\u1eadt B\u1ea3n<\/p>\n<p class=\"aboutus_num\">Kho\u1ea3ng<span class=\"number number01\">70<\/span>\uff05<\/p>\n<\/div>\n<p class=\"aboutus_full\">Nh\u1ef1a PET th\u00e2n thi\u1ec7n v\u1edbi m\u00f4i tr\u01b0\u1eddng \u0111\u01b0\u1ee3c l\u00e0m t\u1eeb nguy\u00ean li\u1ec7u th\u1ef1c v\u1eadt. B\u1eaft \u0111\u1ea7u b\u00e1n ra t\u1eeb n\u0103m 2010, t\u1ef1 h\u00e0o c\u00f3 th\u1ecb ph\u1ea7n s\u1ed1 1 t\u1ea1i Nh\u1eadt B\u1ea3n.<br \/>\nT\u00ednh \u0111\u1ebfn cu\u1ed1i th\u00e1ng 3 n\u0103m 2024 (theo nghi\u00ean c\u1ee9u c\u1ee7a ch\u00ednh c\u00f4ng ty)<\/p>\n<\/div>\n<div class=\"aboutus_box\">\n<p class=\"aboutus_icon\"><img loading=\"lazy\" decoding=\"async\" src=\"https:\/\/www.iwatani.com.vn\/wp-content\/themes\/iwatani\/images\/aboutus_icon07.svg\" alt=\"Helium\" width=\"72\" height=\"72\" \/><span class=\"aboutus_icon_ttl\">Helium<\/span><\/p>\n<div class=\"aboutus_info\">\n<p class=\"aboutus_ttl\">Th\u1ecb ph\u1ea7n trong n\u01b0\u1edbc Nh\u1eadt B\u1ea3n<\/p>\n<p class=\"aboutus_num\">Kho\u1ea3ng<span class=\"number number01\">50<\/span>\uff05<\/p>\n<\/div>\n<p class=\"aboutus_full\">Nguy\u00ean t\u1ed1 qu\u00fd hi\u1ebfm Helium kh\u00f4ng th\u1ec3 thi\u1ebfu cho ng\u00e0nh c\u00f4ng nghi\u1ec7p ti\u00ean ti\u1ebfn. C\u00f4ng ty ch\u00fang t\u00f4i nh\u1eadp kh\u1ea9u t\u1eeb M\u1ef9 v\u00e0 Qatar \u0111\u1ec3 x\u00e2y d\u1ef1ng m\u1ed9t h\u1ec7 th\u1ed1ng cung \u1ee9ng \u1ed5n \u0111\u1ecbnh.<br \/>\n\u203bNgu\u1ed3n: Gas Diorama 2024<\/p>\n<\/div>\n<\/div>\n<\/div>\n<\/section>\n<section id=\"box_network\">\n<div class=\"network_info\">\n<div class=\"ttl3_main about_ttl3\">\n<p class=\"ttl3_en\">our network<\/p>\n<h3 class=\"ttl3\">Iwatani<br \/>\nOverseas Bases<\/h3>\n<\/div>\n<div class=\"network_txt\">\n<p>Ch\u00fang t\u00f4i s\u1ebd h\u1ed7 tr\u1ee3 kinh doanh c\u1ee7a qu\u00fd kh\u00e1ch b\u1eb1ng c\u00e1ch t\u1eadn d\u1ee5ng m\u1ea1ng l\u01b0\u1edbi c\u1ee7a Iwatani Group, ho\u1ea1t \u0111\u1ed9ng c\u1ea3 trong n\u01b0\u1edbc Nh\u1eadt v\u00e0 to\u00e0n c\u1ea7u.<\/p>\n<\/div>\n<p class=\"btn red\"><a href=\"https:\/\/www.iwatani.co.jp\/jpn\/company\/network\/overseas\/\" target=\"_blank\" rel=\"noopener\">see detail<\/a><\/p>\n<\/div>\n<p class=\"network_img\"><img loading=\"lazy\" decoding=\"async\" src=\"https:\/\/www.iwatani.com.vn\/wp-content\/themes\/iwatani\/images\/aboutus_map.png\" alt=\"Iwatani Overseas Bases\" width=\"916\" height=\"523\" \/><\/p>\n<\/section>\n<section id=\"box_office\">\n<div class=\"office_detail\">\n<h4>Japan Head Office<\/h4>\n<dl>\n<dt>T\u00ean th\u01b0\u01a1ng m\u1ea1i<\/dt>\n<dd>T\u1eadp \u0111o\u00e0n Iwatani<\/dd>\n<\/dl>\n<dl>\n<dt>Th\u00e0nh l\u1eadp<\/dt>\n<dd>Ng\u00e0y 5 th\u00e1ng 5 n\u0103m 1930<\/dd>\n<\/dl>\n<dl>\n<dt>H\u1ee3p nh\u1ea5t<\/dt>\n<dd>Ng\u00e0y 2 th\u00e1ng 2 n\u0103m 1945<\/dd>\n<\/dl>\n<dl>\n<dt>Tr\u1ee5 s\u1edf ch\u00ednh<\/dt>\n<dd>Tr\u1ee5 s\u1edf ch\u00ednh Osaka, Tr\u1ee5 s\u1edf ch\u00ednh Tokyo<\/dd>\n<\/dl>\n<dl>\n<dt>Ng\u01b0\u1eddi \u0111\u1ea1i di\u1ec7n<\/dt>\n<dd>Ch\u1ee7 t\u1ecbch ki\u00eam T\u1ed5ng Gi\u00e1m \u0111\u1ed1c: Akiji Makino<br \/>\nPh\u00f3 Ch\u1ee7 t\u1ecbch: Toshio Watanabe<br \/>\nCh\u1ee7 t\u1ecbch: Hiroshi Majima<\/dd>\n<\/dl>\n<dl>\n<dt>V\u1ed1n ch\u1ee7 s\u1edf h\u1eefu<\/dt>\n<dd>35,096 tri\u1ec7u y\u00ean<\/dd>\n<\/dl>\n<dl>\n<dt>Doanh thu thu\u1ea7n<\/dt>\n<dd>519,195 t\u1ef7 y\u00ean (847,888 t\u1ef7 y\u00ean tr\u00ean c\u01a1 s\u1edf h\u1ee3p nh\u1ea5t)<\/dd>\n<\/dl>\n<dl>\n<dt>Ng\u00e0nh ngh\u1ec1 kinh doanh ch\u00ednh<\/dt>\n<dd>tr\u1ecdng t\u00e2m c\u1ee7a t\u1eadp \u0111o\u00e0n Iwatani l\u00e0 kinh doanh n\u0103ng l\u01b0\u1ee3ng t\u00edch h\u1ee3p, bao g\u1ed3m b\u1ebfp gas di \u0111\u1ed9ng v\u00e0 kh\u00ed d\u1ea7u m\u1ecf h\u00f3a l\u1ecfng, c\u0169ng nh\u01b0 kinh doanh kh\u00ed c\u00f4ng nghi\u1ec7p nh\u01b0 hydro k\u1ec3 t\u1eeb khi th\u00e0nh l\u1eadp. Ch\u00fang t\u00f4i \u0111\u00e3 m\u1edf r\u1ed9ng ho\u1ea1t \u0111\u1ed9ng sang c\u00e1c l\u0129nh v\u1ef1c kh\u00e1c, bao g\u1ed3m kinh doanh m\u00e1y m\u00f3c v\u00e0 v\u1eadt li\u1ec7u.<\/dd>\n<\/dl>\n<dl>\n<dt>S\u1ed1 l\u01b0\u1ee3ng nh\u00e2n vi\u00ean<\/dt>\n<dd>1,321 (T\u00ednh \u0111\u1ebfn ng\u00e0y 31 th\u00e1ng 3 n\u0103m 2024)<\/dd>\n<\/dl>\n<dl>\n<dt>Website<\/dt>\n<dd><a href=\"https:\/\/www.iwatani.co.jp\/jpn\/\" target=\"_blank\" rel=\"noopener\">https:\/\/www.iwatani.co.jp\/jpn\/<\/a><\/dd>\n<\/dl>\n<\/div>\n<div class=\"office_detail\">\n<h4>Vietnam<\/h4>\n<dl>\n<dt>T\u00ean th\u01b0\u01a1ng m\u1ea1i<\/dt>\n<dd>C\u00f4ng ty TNHH Iwatani Vi\u1ec7t nam<\/dd>\n<\/dl>\n<dl>\n<dt>Th\u00e0nh l\u1eadp<\/dt>\n<dd>N\u0103m 2015<\/dd>\n<\/dl>\n<dl>\n<dt>V\u1ed1n ch\u1ee7 s\u1edf h\u1eefu<\/dt>\n<dd>500,000USD<\/dd>\n<\/dl>\n<dl>\n<dt>V\u0103n ph\u00f2ng<\/dt>\n<dd>Tr\u1ee5 s\u1edf ch\u00ednh H\u00e0 N\u1ed9i, Chi nh\u00e1nh TP. H\u1ed3 Ch\u00ed Minh<\/dd>\n<\/dl>\n<dl>\n<dt>Ng\u00e0nh ngh\u1ec1 kinh doanh<\/dt>\n<dd><span class=\"sys_bracket\">\u3010<\/span>Kh\u00ed c\u00f4ng nghi\u1ec7p v\u00e0 m\u00e1y m\u00f3c\u3011<br \/>\n<span class=\"sys_bracket02\">Kh\u00ed c\u00f4ng nghi\u1ec7p, Thi\u1ebft b\u1ecb v\u00e0 m\u00e1y m\u00f3c li\u00ean quan \u0111\u1ebfn d\u01b0\u1ee3c ph\u1ea9m\/m\u1ef9 ph\u1ea9m\/th\u1ef1c ph\u1ea9m, M\u00e1y m\u00f3c<\/span><br \/>\n<span class=\"sys_bracket\">\u3010<\/span>Nguy\u00ean v\u1eadt li\u1ec7u\u3011<br \/>\n<span class=\"sys_bracket02\">Xu\u1ea5t nh\u1eadp kh\u1ea9u s\u1ea3n ph\u1ea9m gia c\u00f4ng, v\u1eadt li\u1ec7u kim lo\u1ea1i, nh\u1ef1a t\u1ed5ng h\u1ee3p, kho\u00e1ng s\u1ea3n<\/span><\/dd>\n<\/dl>\n<\/div>\n<\/section>\n","protected":false},"excerpt":{"rendered":"<p>who we are Iwatani in numbers Th\u00e0nh l\u1eadp N\u0103m 1930 Doanh thu h\u1ee3p nh\u1ea5t 847.8 t\u1ef7 y\u00ean (N\u0103m t\u00e0i ch\u00ednh 2024) V\u1ed1n \u0111i\u1ec1u l\u1ec7 35.096 tri\u1ec7u y\u00ean S\u1ed1 l\u01b0\u1ee3ng nh\u00e2n vi\u00ean h\u1ee3p nh\u1ea5t 11,332ng\u01b0\u1eddi (T\u00ednh \u0111\u1ebfn ng\u00e0y 31 th\u00e1ng 3 n\u0103m 2024) C\u00f4ng ty trong nh\u00f3m 241 c\u00f4ng ty (trong \u0111\u00f3 c\u00f3 105 c\u00f4ng ty [&hellip;]<\/p>\n","protected":false},"author":1,"featured_media":111,"parent":0,"menu_order":0,"comment_status":"closed","ping_status":"closed","template":"","meta":{"_acf_changed":false,"_locale":"vi","_original_post":"https:\/\/www.iwatani.com.vn\/?page_id=109","footnotes":""},"class_list":["post-328","page","type-page","status-publish","has-post-thumbnail","hentry","vi"],"acf":[],"_links":{"self":[{"href":"https:\/\/www.iwatani.com.vn\/wp-json\/wp\/v2\/pages\/328","targetHints":{"allow":["GET"]}}],"collection":[{"href":"https:\/\/www.iwatani.com.vn\/wp-json\/wp\/v2\/pages"}],"about":[{"href":"https:\/\/www.iwatani.com.vn\/wp-json\/wp\/v2\/types\/page"}],"author":[{"embeddable":true,"href":"https:\/\/www.iwatani.com.vn\/wp-json\/wp\/v2\/users\/1"}],"replies":[{"embeddable":true,"href":"https:\/\/www.iwatani.com.vn\/wp-json\/wp\/v2\/comments?post=328"}],"version-history":[{"count":22,"href":"https:\/\/www.iwatani.com.vn\/wp-json\/wp\/v2\/pages\/328\/revisions"}],"predecessor-version":[{"id":602,"href":"https:\/\/www.iwatani.com.vn\/wp-json\/wp\/v2\/pages\/328\/revisions\/602"}],"wp:featuredmedia":[{"embeddable":true,"href":"https:\/\/www.iwatani.com.vn\/wp-json\/wp\/v2\/media\/111"}],"wp:attachment":[{"href":"https:\/\/www.iwatani.com.vn\/wp-json\/wp\/v2\/media?parent=328"}],"curies":[{"name":"wp","href":"https:\/\/api.w.org\/{rel}","templated":true}]}}